{"id":630,"date":"2017-04-28T09:19:14","date_gmt":"2017-04-28T08:19:14","guid":{"rendered":"http:\/\/djgqfxnb.preview.infomaniak.website\/?page_id=630"},"modified":"2022-07-19T10:47:41","modified_gmt":"2022-07-19T08:47:41","slug":"biography","status":"publish","type":"page","link":"https:\/\/www.annavivante.com\/en\/biography\/","title":{"rendered":"Biography"},"content":{"rendered":"<p><span style=\"font-size: 14pt;\"><strong><img loading=\"lazy\" decoding=\"async\" class=\"alignright wp-image-702 size-full\" title=\"Anna Vivante\" src=\"http:\/\/djgqfxnb.preview.infomaniak.website\/wp-content\/uploads\/Anna.jpg\" alt=\"Anna Vivante\" width=\"328\" height=\"438\" srcset=\"https:\/\/www.annavivante.com\/wp-content\/uploads\/Anna.jpg 328w, https:\/\/www.annavivante.com\/wp-content\/uploads\/Anna-225x300.jpg 225w\" sizes=\"(max-width: 328px) 100vw, 328px\" \/>Italian, born in Lugano Switzerland, she lived in Milano and Rome where she took a Master&#8217;s Degree in Middle Eastern Archeology and Art History. She currently works and live\u00a0<\/strong><\/span><span style=\"font-size: large;\"><b>between Italy and Paris.<\/b><\/span><\/p>\n<p>Rome University &#8220;La Sapienza&#8221;.<br \/>\nMaster\u2019s Degree (Hons), in Middle Eastern Archaeology and History of Arts.<br \/>\nMaster&#8217;s Thesis: Cult Furnishings of Mesopotamia from Ubaid to the End of Early Dynastic Periods.<br \/>\nSpecialized Studies:<br \/>\nGregoriana University, Rome, Italy: Assyriology<\/p>\n<h3><strong>PROFESSIONAL EXPERIENCE<\/strong><\/h3>\n<h3><strong>Archeology<\/strong><\/h3>\n<p><strong>1995-1998 &#8211;<\/strong> University of Paris I Art and Archaeology Institute, France.<br \/>\nTreasurer of the Association Orient-Express, Oriental Archaeology.<br \/>\n<strong>1995-1996 &#8211;<\/strong> Bilkent University, Ankara, Turkey.<br \/>\nSupervisor of the Archaeological dig in Kinet H\u00f6y\u00fck Kazisi, Turkey, (Scientific Director: M.-H. Gates).<br \/>\n<strong>1987-1994 &#8211;<\/strong> Rome University &#8220;La Sapienza&#8221;, Italy.<br \/>\nSupervisor of the Archaeological dig in Tell Mardikh\/Ebla, Syria, (Scientific Director: P. Matthiae).<\/p>\n<h3><strong>Solo Exibitions<\/strong><\/h3>\n<p><strong>2022 &#8211; <\/strong>Ajaccio. Palais Fesch, Mus\u00e9e des Beaux-arts. <em>Rome, ombres et drap\u00e9s au<\/em> XVIIIe <em>si\u00e8cle<\/em>.<strong><br \/>\n2017 &#8211; <\/strong>Deauville. <em>Laisses de mer<\/em>. Planche(s) Contact. Festival de cr\u00e9ations photographiques.<strong><br \/>\n2017 &#8211;<\/strong> Paris. Atelier Visconti, giardini.<br \/>\n<strong>2016 &#8211;<\/strong> Paris. Galerie Lumi\u00e8res. Ombres et lumi\u00e8re, d\u00f4mes et statues.<br \/>\n<strong>2014 &#8211;<\/strong> Paris. Atelier Visconti, Vanitas.<br \/>\n<strong>2012 &#8211;<\/strong> Milan Galleria S. Fedele, Ciels d\u2019Architecture<br \/>\n<strong>2011 &#8211;<\/strong> Paris. Galerie Italienne, Ciels d\u2019Architecture.<br \/>\n<strong>2010\/11 &#8211;<\/strong> Paris. Galerie Italienne, Royaume d\u00e9serts avec d\u00f4mes.<br \/>\n<strong>2007 &#8211;<\/strong> New York City. The Graduate Center, Vanitas.<\/p>\n<h3><strong>Group Exibitions\u00a0and Arts Fairs<\/strong><\/h3>\n<p><strong>2020 \u2013 <\/strong>Paris. Atelier Visconti, pr\u00e9sente 10 artistes de la galerie.<br \/>\n<strong>2019 \u2013 <\/strong>Lugano. WOPART work on paper fair. Galleria Spazio Farini 6.<br \/>\n<strong>2016 \u2013 2017 &#8211;<\/strong> Dinard. Galerie Bernard, Lumi\u00e8re.<br \/>\n<strong>2015 &#8211;<\/strong> Paris. Fotofever, GalleriaSpazioFarini6, Milan.<br \/>\n<strong>2013 &#8211;<\/strong> Paris. Galerie Italienne, Crazy for Italian Style II.<br \/>\nMilan. SpazioFarini6, And they Call it Winter.<br \/>\nMilan. SpazioFarini6, Holidays Dreams.<br \/>\nMarciac, Les granges de la Mairie, Take Five<br \/>\n<strong>2011 &#8211;<\/strong> Venice. ILLUMInations The 54th International Art exibition. Italian Pavillion.<br \/>\nParis. Galerie Italienne, Crazy for Italian Style.<br \/>\n<strong>2010 &#8211;<\/strong> Limassol. Galerie Morfi, France through a European look.<br \/>\n<strong>2008 &#8211;<\/strong> Dublin, European Union House. A European Glance at France.<br \/>\n<strong>2006 &#8211;<\/strong> Paris. Galerie B\u00e9n\u00e9dicte Siroux. Indian summer.<br \/>\nPortofino \u2013 Milan. Telecom Progetto Italia.<br \/>\nL\u2019arte in Piazzetta Ommage to de Chirico.<br \/>\n<strong>2005 &#8211;<\/strong> Paris. Galerie B\u00e9n\u00e9dicte Siroux. Ciel.<br \/>\nParis. Galerie B\u00e9n\u00e9dicte Siroux. Printemps \u00e0 Paris.<br \/>\n<strong>2004 &#8211;<\/strong> Paris. Galerie B\u00e9n\u00e9dicte Siroux. Mariano Fortuny &amp;Vanit\u00e9s.<br \/>\n<strong>2003 &#8211;<\/strong> Paris Galeri B\u00e9n\u00e9dicte Siroux. Italie.<br \/>\n<strong>1993 &#8211;<\/strong>\u00a0Rome. Galleria Alessandra Bonomo. Roma d&#8217;oriente.<br \/>\n<strong>1992 &#8211;<\/strong> New York. College of Staten Island. America \/ Italy: a Visual Dialogue That Continues.<\/p>\n<h3><strong>Photography Publications<\/strong><\/h3>\n<p><strong>2020<\/strong> &#8211; Rome, ombres et drap\u00e9s au XVIIIe si\u00e8cle, Silvana Editoriale, Milan. Textes of Andrea Zanella, Giovanna Poletti and Anna Vivante.<strong><br \/>\n2011 &#8211;<\/strong> Vanitas, Lucini Libri, Milan. Texts of Emmanuel de Waresquiel, Fran\u00e7oise Heibrun and Alain Richert.<br \/>\nCiels d\u2019Architecture, SilvanaEditoriale, Milan. Textes of Claude Arnaud and Philippe Dubo\u00ff.<br \/>\n<strong>2007 &#8211;<\/strong> One Photography whit a poem of Patrizia Cavalli. Edizione Pulcinoelefante<br \/>\nLibro d\u2019arte Edizione in 35 Esemplari. Osnago.<br \/>\n<strong>1999 &#8211;<\/strong> Parigi. L&#8217;Ile-de-France: Versailles and Fontainebleau. Chartres,<br \/>\nChantilly and Compi\u00e8gne&#8221;. Touring Club, Milan: Project Editor and Author<br \/>\n<strong>1995 &#8211;<\/strong> &#8220;Patrimoine &amp; Beni Culturali&#8221; : Mezzavoce 3-4 (1995). Italian Cultural Institute, Paris: Editor.<br \/>\n<strong>1995 &#8211;<\/strong> Italian Elle, October, (1995), \u00ab Syria \u00bb.<br \/>\n<strong>1992 &#8211;<\/strong> Nuovi Argomenti, 44 (1992), \u00ab Uomini e marmi \u00bb.<br \/>\n<strong>1991 &#8211;<\/strong> Italian Elle, December, (1991), \u00ab Il Cairo \u00bb.<br \/>\n<strong>1989 &#8211;<\/strong> Italian Elle, February, (1989), \u00ab Navigare nel passato \u00bb.<\/p>\n<h3><strong>Bibliography<\/strong><\/h3>\n<p><strong>2011 &#8211;<\/strong> Rosita Lappi, \u00ab La porta del tempo. Lo scavo fotografico di Anna Vivante \u00bb, ARACNE Rivista d\u2019Arte.<br \/>\n<strong>2008 &#8211;<\/strong> The World of Interiors, (July), Marie-France Boyer, \u00ab Shelf Life \u00bb.<br \/>\nCorriere della Sera, (21\/05\/2008), \u00abArtisti e celebrities insieme contro le leucemie\u00bb.<br \/>\nGente, (29\/05\/2008), \u00abDateci una mano anti-leucemia\u00bb.<br \/>\n<strong>2007 &#8211;<\/strong> Panorama, (18\/10\/2007), Marco Di Capua, \u00abAnna Vivante, scatti con il silenziatore\u00bb.<\/p>\n<h3><strong>Organisations<\/strong><\/h3>\n<p><strong>2001-2002 &#8211;<\/strong> RAI, Rome : Scientific Consultant.<br \/>\nUlisse: il piacere della scoperta, by A. Angela.<br \/>\n<strong>1998-2000 &#8211;<\/strong> Association Dante Alighieri, Comit\u00e9 de Paris. General Secretary.<br \/>\n&#8211; Headmistress of the School of Languages<br \/>\n&#8211; Organisation of conferences and colloquia<br \/>\nOrganisation for the promotion of the Italian Language in all colleges and a selection of primary schools in Paris and the Ile-de-France.<br \/>\n1995 Italian Cultural Institute, Paris. Scientific Consultant.<br \/>\nOrganisation of the conference: &#8220;Ebla. Aux origines de la civilisation urbaine&#8221;. Trente ann\u00e9es de fouilles en Syrie de l&#8217;Universit\u00e9 de Rome &#8220;La Sapienza&#8221;. Presentation of the exhibition at Palazzo Venezia, Rome.<br \/>\n&#8211; Organisation of the symposium: &#8220;Faut-il br\u00fbler les collectionneurs \u00a0?&#8221;<br \/>\n<strong>1994 &#8211;<\/strong> Organisation of the symposium: &#8220;Les assyriens : lieux et signes du pouvoir&#8221;.<br \/>\n<strong>1988-1989 &#8211;<\/strong> Rome University &#8220;La Sapienza&#8221;.<br \/>\nOrganisation of the International Colloquium : &#8220;Anathema, Offerings to Deities and the Economic Life of Sanctuaries in the Ancient Mediterranean&#8221;.<br \/>\n<strong>1989 &#8211;<\/strong> Idlib Museum, Syria.<br \/>\nConsultation and creation of the galleries concerning the site of Ebla.<br \/>\n<strong>1988 &#8211;<\/strong> Film Service, Rome : Scientific Consultant.<br \/>\n\u00ab In cerca del tempo \u00bb, 9 documentary films about Italian Archaeology in the Middle East.<br \/>\n<strong>1986 &#8211;<\/strong> RAI (Italian Television), Rome : Scientific Consultant<br \/>\n&#8220;Education Department&#8221;: &#8220;Le donne delle donne&#8221;.<\/p>\n<h3><strong>Scientifics Publications<\/strong><\/h3>\n<p><strong>2002 &#8211;<\/strong> \u00ab Le temple de Ishtar Asshuritu \u00e0 Assur : un hilani ? \u00bb : 3ICAANE,<br \/>\nTroisi\u00e8me Congr\u00e8s International sur l&#8217;Arch\u00e9ologie du Proche-Orient Ancien.<br \/>\n<strong>1998 &#8211;<\/strong> &#8220;Un aspetto simbolico dei podi nei templi mesopotamici&#8221;: Orient-Express 1998\/1.<br \/>\n<strong>1996 &#8211;<\/strong> &#8220;Cult Furnishings of Mesopotamia from Ubaid to the End of Early Dynastic Periods&#8221;: Contributi e Materiali di Archeologia Orientale VI (1996).<br \/>\n<strong>1994 &#8211;<\/strong> &#8220;The Sacrificial Altar in Assyrian Temples (a suggested new interpretation of the term mashkittu)&#8221;: Revue d&#8217;assyriologie 88 (1994).<br \/>\n<strong>1989 &#8211;<\/strong> &#8220;Ex voto dai Santuari Mesopotamici Protodinastici&#8221;: \u00a0Scienze dell&#8217;Antichit\u00e0 3-4 (1989-90).<br \/>\n<strong>1985 &#8211;<\/strong> &#8220;La Fertile Mezzaluna, Archeologia Italiana in Medio Oriente&#8221;: Mondo Operaio 1-2 (1995).<\/p>\n<h3><strong>Books<\/strong><\/h3>\n<p><strong>1999 &#8211;<\/strong> &#8220;Parigi. L&#8217;Ile-de-France: Versailles e Fontainebleau. Chartres, Chantilly e Compi\u00e8gne&#8221;. Touring Club, Milan: Project Editor and Author<br \/>\n<strong>1995 &#8211;<\/strong> &#8220;Patrimoine &amp; Beni Culturali&#8221; : Mezzavoce 3-4 (1995). Italian Cultural Institute, Paris: Editor.<br \/>\n<strong>1995 &#8211;<\/strong> &#8220;Assiri. L&#8217;arte, la guerra, il potere&#8221;. Guerini e Associati Editore, Milan: Author of the Introduction and Editor.<br \/>\n<strong>1995 &#8211;<\/strong> &#8220;Ebla. Alle origini della civillt\u00e0 urbana&#8221;. (Editors: P. Matthiae, F. Pinnock, G. Scandone). Electa, Milan: Contributor.<\/p>\n","protected":false},"excerpt":{"rendered":"<p>Italian, born in Lugano Switzerland, she lived in Milano and Rome where she took a Master&#8217;s Degree in Middle Eastern Archeology and Art History. She currently works and live\u00a0between Italy and Paris. Rome University &#8220;La Sapienza&#8221;. Master\u2019s Degree (Hons), in Middle Eastern Archaeology and History of Arts. Master&#8217;s Thesis: Cult Furnishings of Mesopotamia from Ubaid [&hellip;]<\/p>\n","protected":false},"author":1,"featured_media":0,"parent":0,"menu_order":2,"comment_status":"closed","ping_status":"closed","template":"","meta":{"footnotes":""},"class_list":["post-630","page","type-page","status-publish","hentry"],"yoast_head":"<!-- This site is optimized with the Yoast SEO plugin v27.5 - https:\/\/yoast.com\/product\/yoast-seo-wordpress\/ -->\n<title>Biography - Anna Vivante<\/title>\n<meta name=\"robots\" content=\"index, follow, max-snippet:-1, max-image-preview:large, max-video-preview:-1\" \/>\n<link rel=\"canonical\" href=\"https:\/\/www.annavivante.com\/en\/biography\/\" \/>\n<meta property=\"og:locale\" content=\"en_US\" \/>\n<meta property=\"og:type\" content=\"article\" \/>\n<meta property=\"og:title\" content=\"Biography - Anna Vivante\" \/>\n<meta property=\"og:description\" content=\"Italian, born in Lugano Switzerland, she lived in Milano and Rome where she took a Master&#8217;s Degree in Middle Eastern Archeology and Art History. She currently works and live\u00a0between Italy and Paris. Rome University &#8220;La Sapienza&#8221;. Master\u2019s Degree (Hons), in Middle Eastern Archaeology and History of Arts. Master&#8217;s Thesis: Cult Furnishings of Mesopotamia from Ubaid [&hellip;]\" \/>\n<meta property=\"og:url\" content=\"https:\/\/www.annavivante.com\/en\/biography\/\" \/>\n<meta property=\"og:site_name\" content=\"Anna Vivante\" \/>\n<meta property=\"article:publisher\" content=\"https:\/\/fr-fr.facebook.com\/anna.vivante\" \/>\n<meta property=\"article:modified_time\" content=\"2022-07-19T08:47:41+00:00\" \/>\n<meta property=\"og:image\" content=\"http:\/\/djgqfxnb.preview.infomaniak.website\/wp-content\/uploads\/Anna.jpg\" \/>\n<meta name=\"twitter:card\" content=\"summary_large_image\" \/>\n<meta name=\"twitter:label1\" content=\"Est. reading time\" \/>\n\t<meta name=\"twitter:data1\" content=\"5 minutes\" \/>\n<script type=\"application\/ld+json\" class=\"yoast-schema-graph\">{\"@context\":\"https:\\\/\\\/schema.org\",\"@graph\":[{\"@type\":\"WebPage\",\"@id\":\"https:\\\/\\\/www.annavivante.com\\\/en\\\/biography\\\/\",\"url\":\"https:\\\/\\\/www.annavivante.com\\\/en\\\/biography\\\/\",\"name\":\"Biography - Anna Vivante\",\"isPartOf\":{\"@id\":\"https:\\\/\\\/www.annavivante.com\\\/#website\"},\"primaryImageOfPage\":{\"@id\":\"https:\\\/\\\/www.annavivante.com\\\/en\\\/biography\\\/#primaryimage\"},\"image\":{\"@id\":\"https:\\\/\\\/www.annavivante.com\\\/en\\\/biography\\\/#primaryimage\"},\"thumbnailUrl\":\"http:\\\/\\\/djgqfxnb.preview.infomaniak.website\\\/wp-content\\\/uploads\\\/Anna.jpg\",\"datePublished\":\"2017-04-28T08:19:14+00:00\",\"dateModified\":\"2022-07-19T08:47:41+00:00\",\"breadcrumb\":{\"@id\":\"https:\\\/\\\/www.annavivante.com\\\/en\\\/biography\\\/#breadcrumb\"},\"inLanguage\":\"en-US\",\"potentialAction\":[{\"@type\":\"ReadAction\",\"target\":[\"https:\\\/\\\/www.annavivante.com\\\/en\\\/biography\\\/\"]}]},{\"@type\":\"ImageObject\",\"inLanguage\":\"en-US\",\"@id\":\"https:\\\/\\\/www.annavivante.com\\\/en\\\/biography\\\/#primaryimage\",\"url\":\"http:\\\/\\\/djgqfxnb.preview.infomaniak.website\\\/wp-content\\\/uploads\\\/Anna.jpg\",\"contentUrl\":\"http:\\\/\\\/djgqfxnb.preview.infomaniak.website\\\/wp-content\\\/uploads\\\/Anna.jpg\"},{\"@type\":\"BreadcrumbList\",\"@id\":\"https:\\\/\\\/www.annavivante.com\\\/en\\\/biography\\\/#breadcrumb\",\"itemListElement\":[{\"@type\":\"ListItem\",\"position\":1,\"name\":\"Accueil\",\"item\":\"https:\\\/\\\/www.annavivante.com\\\/\"},{\"@type\":\"ListItem\",\"position\":2,\"name\":\"Biography\"}]},{\"@type\":\"WebSite\",\"@id\":\"https:\\\/\\\/www.annavivante.com\\\/#website\",\"url\":\"https:\\\/\\\/www.annavivante.com\\\/\",\"name\":\"Anna Vivante\",\"description\":\"Photographe\",\"potentialAction\":[{\"@type\":\"SearchAction\",\"target\":{\"@type\":\"EntryPoint\",\"urlTemplate\":\"https:\\\/\\\/www.annavivante.com\\\/?s={search_term_string}\"},\"query-input\":{\"@type\":\"PropertyValueSpecification\",\"valueRequired\":true,\"valueName\":\"search_term_string\"}}],\"inLanguage\":\"en-US\"}]}<\/script>\n<!-- \/ Yoast SEO plugin. -->","yoast_head_json":{"title":"Biography - Anna Vivante","robots":{"index":"index","follow":"follow","max-snippet":"max-snippet:-1","max-image-preview":"max-image-preview:large","max-video-preview":"max-video-preview:-1"},"canonical":"https:\/\/www.annavivante.com\/en\/biography\/","og_locale":"en_US","og_type":"article","og_title":"Biography - Anna Vivante","og_description":"Italian, born in Lugano Switzerland, she lived in Milano and Rome where she took a Master&#8217;s Degree in Middle Eastern Archeology and Art History. She currently works and live\u00a0between Italy and Paris. Rome University &#8220;La Sapienza&#8221;. Master\u2019s Degree (Hons), in Middle Eastern Archaeology and History of Arts. Master&#8217;s Thesis: Cult Furnishings of Mesopotamia from Ubaid [&hellip;]","og_url":"https:\/\/www.annavivante.com\/en\/biography\/","og_site_name":"Anna Vivante","article_publisher":"https:\/\/fr-fr.facebook.com\/anna.vivante","article_modified_time":"2022-07-19T08:47:41+00:00","og_image":[{"url":"http:\/\/djgqfxnb.preview.infomaniak.website\/wp-content\/uploads\/Anna.jpg","type":"","width":"","height":""}],"twitter_card":"summary_large_image","twitter_misc":{"Est. reading time":"5 minutes"},"schema":{"@context":"https:\/\/schema.org","@graph":[{"@type":"WebPage","@id":"https:\/\/www.annavivante.com\/en\/biography\/","url":"https:\/\/www.annavivante.com\/en\/biography\/","name":"Biography - Anna Vivante","isPartOf":{"@id":"https:\/\/www.annavivante.com\/#website"},"primaryImageOfPage":{"@id":"https:\/\/www.annavivante.com\/en\/biography\/#primaryimage"},"image":{"@id":"https:\/\/www.annavivante.com\/en\/biography\/#primaryimage"},"thumbnailUrl":"http:\/\/djgqfxnb.preview.infomaniak.website\/wp-content\/uploads\/Anna.jpg","datePublished":"2017-04-28T08:19:14+00:00","dateModified":"2022-07-19T08:47:41+00:00","breadcrumb":{"@id":"https:\/\/www.annavivante.com\/en\/biography\/#breadcrumb"},"inLanguage":"en-US","potentialAction":[{"@type":"ReadAction","target":["https:\/\/www.annavivante.com\/en\/biography\/"]}]},{"@type":"ImageObject","inLanguage":"en-US","@id":"https:\/\/www.annavivante.com\/en\/biography\/#primaryimage","url":"http:\/\/djgqfxnb.preview.infomaniak.website\/wp-content\/uploads\/Anna.jpg","contentUrl":"http:\/\/djgqfxnb.preview.infomaniak.website\/wp-content\/uploads\/Anna.jpg"},{"@type":"BreadcrumbList","@id":"https:\/\/www.annavivante.com\/en\/biography\/#breadcrumb","itemListElement":[{"@type":"ListItem","position":1,"name":"Accueil","item":"https:\/\/www.annavivante.com\/"},{"@type":"ListItem","position":2,"name":"Biography"}]},{"@type":"WebSite","@id":"https:\/\/www.annavivante.com\/#website","url":"https:\/\/www.annavivante.com\/","name":"Anna Vivante","description":"Photographe","potentialAction":[{"@type":"SearchAction","target":{"@type":"EntryPoint","urlTemplate":"https:\/\/www.annavivante.com\/?s={search_term_string}"},"query-input":{"@type":"PropertyValueSpecification","valueRequired":true,"valueName":"search_term_string"}}],"inLanguage":"en-US"}]}},"_links":{"self":[{"href":"https:\/\/www.annavivante.com\/en\/wp-json\/wp\/v2\/pages\/630","targetHints":{"allow":["GET"]}}],"collection":[{"href":"https:\/\/www.annavivante.com\/en\/wp-json\/wp\/v2\/pages"}],"about":[{"href":"https:\/\/www.annavivante.com\/en\/wp-json\/wp\/v2\/types\/page"}],"author":[{"embeddable":true,"href":"https:\/\/www.annavivante.com\/en\/wp-json\/wp\/v2\/users\/1"}],"replies":[{"embeddable":true,"href":"https:\/\/www.annavivante.com\/en\/wp-json\/wp\/v2\/comments?post=630"}],"version-history":[{"count":16,"href":"https:\/\/www.annavivante.com\/en\/wp-json\/wp\/v2\/pages\/630\/revisions"}],"predecessor-version":[{"id":1718,"href":"https:\/\/www.annavivante.com\/en\/wp-json\/wp\/v2\/pages\/630\/revisions\/1718"}],"wp:attachment":[{"href":"https:\/\/www.annavivante.com\/en\/wp-json\/wp\/v2\/media?parent=630"}],"curies":[{"name":"wp","href":"https:\/\/api.w.org\/{rel}","templated":true}]}}